{"id":8906,"date":"2016-12-10T13:03:03","date_gmt":"2016-12-10T13:03:03","guid":{"rendered":"http:\/\/cetis146.edu.mx\/pagina\/?page_id=8906"},"modified":"2026-01-29T21:37:45","modified_gmt":"2026-01-30T03:37:45","slug":"homepage-2","status":"publish","type":"page","link":"https:\/\/cetis146.edu.mx\/pagina\/","title":{"rendered":"Bienvenido al Centro de Estudios Tecnol\u00f3gicos Industrial y de Servicios No.146"},"content":{"rendered":"\n<figure class=\"wp-block-image size-large\"><img loading=\"lazy\" decoding=\"async\" width=\"1024\" height=\"768\" src=\"https:\/\/cetis146.edu.mx\/pagina\/wp-content\/uploads\/2026\/01\/cetis146-1024x768.jpg\" alt=\"\" class=\"wp-image-13894\" srcset=\"https:\/\/cetis146.edu.mx\/pagina\/wp-content\/uploads\/2026\/01\/cetis146-1024x768.jpg 1024w, https:\/\/cetis146.edu.mx\/pagina\/wp-content\/uploads\/2026\/01\/cetis146-300x225.jpg 300w, https:\/\/cetis146.edu.mx\/pagina\/wp-content\/uploads\/2026\/01\/cetis146-768x576.jpg 768w, https:\/\/cetis146.edu.mx\/pagina\/wp-content\/uploads\/2026\/01\/cetis146-1536x1152.jpg 1536w, https:\/\/cetis146.edu.mx\/pagina\/wp-content\/uploads\/2026\/01\/cetis146.jpg 1600w\" sizes=\"auto, (max-width: 1024px) 100vw, 1024px\" \/><\/figure>\n\n\n<p class=\"has-text-align-center wp-block-site-tagline\">El\u00a0CETis 146\u00a0es un plantel que pertenece a la Direcci\u00f3n General de Educaci\u00f3n Tecnol\u00f3gica Industrial y de Servicios. Cuenta con una matricula de 1500 estudiantes en promedio en ambos turnos, matutino y vespertino. Es un plantel que cada ciclo escolar recibe 550 estudiantes de nuevo ingreso, y oferta cerca de 700 fichas, lo que requiere la aplicaci\u00f3n de la evaluaci\u00f3n diagn\u00f3stica como un medio e instrumento de selecci\u00f3n para el ingreso.<\/p>","protected":false},"excerpt":{"rendered":"","protected":false},"author":1,"featured_media":0,"parent":0,"menu_order":0,"comment_status":"closed","ping_status":"closed","template":"","meta":{"footnotes":""},"class_list":["post-8906","page","type-page","status-publish"],"_links":{"self":[{"href":"https:\/\/cetis146.edu.mx\/pagina\/wp-json\/wp\/v2\/pages\/8906","targetHints":{"allow":["GET"]}}],"collection":[{"href":"https:\/\/cetis146.edu.mx\/pagina\/wp-json\/wp\/v2\/pages"}],"about":[{"href":"https:\/\/cetis146.edu.mx\/pagina\/wp-json\/wp\/v2\/types\/page"}],"author":[{"embeddable":true,"href":"https:\/\/cetis146.edu.mx\/pagina\/wp-json\/wp\/v2\/users\/1"}],"replies":[{"embeddable":true,"href":"https:\/\/cetis146.edu.mx\/pagina\/wp-json\/wp\/v2\/comments?post=8906"}],"version-history":[{"count":109,"href":"https:\/\/cetis146.edu.mx\/pagina\/wp-json\/wp\/v2\/pages\/8906\/revisions"}],"predecessor-version":[{"id":13952,"href":"https:\/\/cetis146.edu.mx\/pagina\/wp-json\/wp\/v2\/pages\/8906\/revisions\/13952"}],"wp:attachment":[{"href":"https:\/\/cetis146.edu.mx\/pagina\/wp-json\/wp\/v2\/media?parent=8906"}],"curies":[{"name":"wp","href":"https:\/\/api.w.org\/{rel}","templated":true}]}}