{"id":13655,"date":"2023-07-31T22:40:32","date_gmt":"2023-08-01T04:40:32","guid":{"rendered":"https:\/\/cetis146.edu.mx\/pagina\/?page_id=13655"},"modified":"2023-08-03T00:01:26","modified_gmt":"2023-08-03T06:01:26","slug":"manuales-curso-propedeutico","status":"publish","type":"page","link":"https:\/\/cetis146.edu.mx\/pagina\/manuales-curso-propedeutico\/","title":{"rendered":"Manuales curso proped\u00e9utico"},"content":{"rendered":"\n<p>Como parte de las estrategias se desarrolla un curso proped\u00e9utico que tiene como prop\u00f3sito fortalecer los aprendizajes esenciales necesarios para tu ingreso a la Educaci\u00f3n Media Superior, Ofreciendo recursos de aprendizaje que te permitan transitar tu bachillerato con mayor \u00e9xito.<\/p>\n\n\n\n<p><\/p>\n\n\n\n<p><strong>CURSO PROPEDEUTICO<\/strong><\/p>\n\n\n\n<p><strong>FECHA:<em> Del 14 al 25 de agosto.<\/em><\/strong> Se llevar\u00e1 a cabo de manera presencial  el curso proped\u00e9utico de matem\u00e1ticas y comprensi\u00f3n lectora. Para dar incio al curso debes llevar resuelta la lecci\u00f3n 1 y 2, haciendo uso de los recursos que el mismo manual ofrece, cuyos contenidos se profundizar\u00e1n en el aula.<\/p>\n\n\n\n<p><strong>HORARIO<\/strong><\/p>\n\n\n\n<p>&#8211;<strong>Turno matutino de 9:00hrs. a 12:00hrs.<\/strong><\/p>\n\n\n\n<p>&#8211;<strong>Turno vespertino de 13:00hrs. a 16:00hrs.<\/strong><\/p>\n\n\n\n<p><\/p>\n\n\n\n<p><strong>MANUALES<\/strong><\/p>\n\n\n\n<p>Es importante que imprimas y engargoles todos los manuales  que se te proporcionan en el siguiente link, es de tu elecci\u00f3n si los imprimes a color o a blanco y negro.<\/p>\n\n\n\n<p><a href=\"https:\/\/app.box.com\/s\/fyenoc9p5ax5b0pjgmkmwh4zitk32ely\">https:\/\/app.box.com\/s\/fyenoc9p5ax5b0pjgmkmwh4zitk32ely<\/a><\/p>\n\n\n\n<p>-Los manuales de : <em>Integraci\u00f3n,  Entorno Social, \u00c9tica, Ciencias Naturales y Experimentales<\/em> deber\u00e1s  resolverlos en casa, haciendo uso de los recursos did\u00e1cticos que el mismo manual ofrece, considerando que estos manuales ser\u00e1n revisados y profundizados por tus docentes en la semana <em>del 28 de agosto al 1 de septiembre<\/em>.<\/p>\n\n\n\n<p>Te esperamos con todo el \u00e1nimo en tu curso de inducci\u00f3n este 14 de agosto, recuerda llevar tu uniforme completo y si aun no lo tienes, es importante que portes pantal\u00f3n de mezclilla azul (sin rasgaduras) y playera blanca (no ombligueras, no tirantes)<\/p>\n","protected":false},"excerpt":{"rendered":"<p>Como parte de las estrategias se desarrolla un curso proped\u00e9utico que tiene como prop\u00f3sito fortalecer los aprendizajes esenciales necesarios para tu ingreso a la Educaci\u00f3n Media Superior, Ofreciendo recursos de aprendizaje que te permitan transitar tu bachillerato con mayor \u00e9xito. CURSO PROPEDEUTICO FECHA: Del 14 al 25 de agosto. Se llevar\u00e1 a cabo de manera &#8230; <a title=\"Manuales curso proped\u00e9utico\" class=\"read-more\" href=\"https:\/\/cetis146.edu.mx\/pagina\/manuales-curso-propedeutico\/\" aria-label=\"Leer m\u00e1s sobre Manuales curso proped\u00e9utico\">Leer m\u00e1s<\/a><\/p>\n","protected":false},"author":1,"featured_media":0,"parent":0,"menu_order":0,"comment_status":"closed","ping_status":"closed","template":"","meta":{"footnotes":""},"class_list":["post-13655","page","type-page","status-publish"],"_links":{"self":[{"href":"https:\/\/cetis146.edu.mx\/pagina\/wp-json\/wp\/v2\/pages\/13655","targetHints":{"allow":["GET"]}}],"collection":[{"href":"https:\/\/cetis146.edu.mx\/pagina\/wp-json\/wp\/v2\/pages"}],"about":[{"href":"https:\/\/cetis146.edu.mx\/pagina\/wp-json\/wp\/v2\/types\/page"}],"author":[{"embeddable":true,"href":"https:\/\/cetis146.edu.mx\/pagina\/wp-json\/wp\/v2\/users\/1"}],"replies":[{"embeddable":true,"href":"https:\/\/cetis146.edu.mx\/pagina\/wp-json\/wp\/v2\/comments?post=13655"}],"version-history":[{"count":3,"href":"https:\/\/cetis146.edu.mx\/pagina\/wp-json\/wp\/v2\/pages\/13655\/revisions"}],"predecessor-version":[{"id":13675,"href":"https:\/\/cetis146.edu.mx\/pagina\/wp-json\/wp\/v2\/pages\/13655\/revisions\/13675"}],"wp:attachment":[{"href":"https:\/\/cetis146.edu.mx\/pagina\/wp-json\/wp\/v2\/media?parent=13655"}],"curies":[{"name":"wp","href":"https:\/\/api.w.org\/{rel}","templated":true}]}}