{"id":13616,"date":"2023-07-20T23:18:39","date_gmt":"2023-07-21T05:18:39","guid":{"rendered":"https:\/\/cetis146.edu.mx\/pagina\/?page_id=13616"},"modified":"2024-07-22T22:10:49","modified_gmt":"2024-07-23T04:10:49","slug":"plataformas-de-reforzamiento","status":"publish","type":"page","link":"https:\/\/cetis146.edu.mx\/pagina\/plataformas-de-reforzamiento\/","title":{"rendered":"PLATAFORMAS DE REFORZAMIENTO"},"content":{"rendered":"\n<h2 class=\"wp-block-heading\">Fortalecimiento de aprendizajes Esenciales<\/h2>\n\n\n\n<p>En esta plataforma encontrar\u00e1s cursos de Comprensi\u00f3n lectora, matem\u00e1ticas, entorno social, Ciencia Naturales, Etica, que te ayudar\u00e1n a desarrollar y fortalecer los dominios de aprendizaje de tu resultado en la evaluaci\u00f3n diagn\u00f3stica, te animamos que hagas todos los cursos y que empieces en el orden que te listamos.<\/p>\n\n\n\n<p>Para poder tener acceso debes dar clic en la opci\u00f3n &#8220;NUEVA CUENTA &#8221; te va a pedir tus datos , es importante que tengas cuidado al escribir y que no olvides tu usuario y contrase\u00f1a, asi como el correo con el que te das de alta.  A continuaci\u00f3n te proporcionamos algunos datos que vas a necesitar a la hora de registrarte :<\/p>\n\n\n\n<p>Clave de centro de trabajo (CCT): <strong>30DCT0004Y<\/strong><\/p>\n\n\n\n<p>Nombre del plantel: <strong>CETIS146<\/strong><\/p>\n\n\n\n<p>Nombre del plantel:<strong> Bachillerato Tecnol\u00f3gico<\/strong><\/p>\n\n\n\n<p>El link es: <a href=\"http:\/\/fortalecetuaprendizaje.cosfac.sems.gob.mx\/?\" target=\"_blank\" rel=\"noreferrer noopener\">http:\/\/fortalecetuaprendizaje.cosfac.sems.gob.mx\/?<\/a><\/p>\n\n\n\n<p><\/p>\n\n\n\n<p><\/p>\n\n\n\n<h2 class=\"wp-block-heading\">PruebaT<\/h2>\n\n\n\n<p>Plataforma Pruebat.org de Carlos Slim: En esta plataforma puedes hacer ejercicios de los tres grados de secundaria, asi como tambien puedes hacer ejercicios de preparaci\u00f3n para el examen de adminisi\u00f3n de bachillerato.<\/p>\n\n\n\n<p><a href=\"https:\/\/pruebat.org\/SaberMas\/CatMaterias\/listaMaterias\" target=\"_blank\" rel=\"noreferrer noopener\">https:\/\/pruebat.org\/SaberMas\/CatMaterias\/listaMaterias<\/a> <\/p>\n\n\n\n<p><\/p>\n\n\n\n<p><\/p>\n\n\n\n<h2 class=\"wp-block-heading\">Instituto Polit\u00e9cnico Nacional Ejercicios de apoyo <\/h2>\n\n\n\n<p>En esta plataforma encontraras ejercicios que te permitiran pr\u00e1cticar, te recomendamos enfocarte en las areas de conocimiento que indica tu reporte de dominio de aprendizajez.<\/p>\n\n\n\n<p>El link es :  <a href=\"https:\/\/www.cecyt11.ipn.mx\/estudiantes\/ejerciciosdeapoyo.html\" target=\"_blank\" rel=\"noreferrer noopener\">https:\/\/www.cecyt11.ipn.mx\/estudiantes\/ejerciciosdeapoyo.html<\/a><\/p>\n\n\n\n<p><\/p>\n","protected":false},"excerpt":{"rendered":"<p>Fortalecimiento de aprendizajes Esenciales En esta plataforma encontrar\u00e1s cursos de Comprensi\u00f3n lectora, matem\u00e1ticas, entorno social, Ciencia Naturales, Etica, que te ayudar\u00e1n a desarrollar y fortalecer los dominios de aprendizaje de tu resultado en la evaluaci\u00f3n diagn\u00f3stica, te animamos que hagas todos los cursos y que empieces en el orden que te listamos. Para poder tener &#8230; <a title=\"PLATAFORMAS DE REFORZAMIENTO\" class=\"read-more\" href=\"https:\/\/cetis146.edu.mx\/pagina\/plataformas-de-reforzamiento\/\" aria-label=\"Leer m\u00e1s sobre PLATAFORMAS DE REFORZAMIENTO\">Leer m\u00e1s<\/a><\/p>\n","protected":false},"author":1,"featured_media":0,"parent":0,"menu_order":0,"comment_status":"closed","ping_status":"closed","template":"","meta":{"footnotes":""},"class_list":["post-13616","page","type-page","status-publish"],"_links":{"self":[{"href":"https:\/\/cetis146.edu.mx\/pagina\/wp-json\/wp\/v2\/pages\/13616","targetHints":{"allow":["GET"]}}],"collection":[{"href":"https:\/\/cetis146.edu.mx\/pagina\/wp-json\/wp\/v2\/pages"}],"about":[{"href":"https:\/\/cetis146.edu.mx\/pagina\/wp-json\/wp\/v2\/types\/page"}],"author":[{"embeddable":true,"href":"https:\/\/cetis146.edu.mx\/pagina\/wp-json\/wp\/v2\/users\/1"}],"replies":[{"embeddable":true,"href":"https:\/\/cetis146.edu.mx\/pagina\/wp-json\/wp\/v2\/comments?post=13616"}],"version-history":[{"count":8,"href":"https:\/\/cetis146.edu.mx\/pagina\/wp-json\/wp\/v2\/pages\/13616\/revisions"}],"predecessor-version":[{"id":13801,"href":"https:\/\/cetis146.edu.mx\/pagina\/wp-json\/wp\/v2\/pages\/13616\/revisions\/13801"}],"wp:attachment":[{"href":"https:\/\/cetis146.edu.mx\/pagina\/wp-json\/wp\/v2\/media?parent=13616"}],"curies":[{"name":"wp","href":"https:\/\/api.w.org\/{rel}","templated":true}]}}