{"id":12926,"date":"2020-05-04T12:59:26","date_gmt":"2020-05-04T18:59:26","guid":{"rendered":"http:\/\/cetis146.edu.mx\/pagina\/?page_id=12926"},"modified":"2026-01-29T22:23:54","modified_gmt":"2026-01-30T04:23:54","slug":"guia-2","status":"publish","type":"page","link":"https:\/\/cetis146.edu.mx\/pagina\/guia-2\/","title":{"rendered":"Gu\u00eda de estudio aspirantes a Nuevo Ingreso"},"content":{"rendered":"\n<h1 class=\"wp-block-heading\">INGRESO AL CETIS 146<\/h1>\n\n\n\n<p><span class=\"hotkey-layer \"><span class=\"hotkey-layer preview-overlay is-preview-sidebar-visible\">La Gu\u00eda de Estudio para la Evaluaci\u00f3n Diagn\u00f3stica al Ingreso a la Educaci\u00f3n Media Superior, es una estrategia destinada a recuperar y reforzar los aprendizajes adquiridos durante la formaci\u00f3n del nivel b\u00e1sico, que constituyen el fundamento de los aprendizajes para el transito al siguiente nivel educativo. <\/span><\/span><\/p>\n\n\n\n<p>A todos los estudiantes aspirantes a ingresar al CETIS&nbsp; 146 en el ciclo escolar 2025-2026 por este medio les compartimos&nbsp; la gu\u00eda de estudio, de&nbsp; a\u00f1os anteriores y el actual ,con la finalidad de ofrecerles herramientas que les permita estudiar para su Evaluaci\u00f3n Diagn\u00f3stica para el Ingreso a la Educaci\u00f3n Media Superior.<\/p>\n\n\n\n<p><\/p>\n\n\n\n<p>la gu\u00eda 2026 esta por publicarse, sin embargo ponemos a disposici\u00f3n las gu\u00edas  de los a\u00f1os anteriores puede servir como un medio para reforzar conocimientos. <\/p>\n\n\n\n<h2 class=\"wp-block-heading\">GUIAS DE ESTUDIO<\/h2>\n\n\n\n<p><a href=\"https:\/\/app.box.com\/s\/gn2c05cm2usx796v1agzofyd3erzmr24\" target=\"_blank\" rel=\"noopener\">GU\u00cdA DE ESTUDIO 2020<\/a><\/p>\n\n\n\n<p><a href=\"https:\/\/app.box.com\/s\/3ubo1kpz42dpwwwhgm6446w5e7ti40w4\" target=\"_blank\" rel=\"noopener\">GU\u00cdA DE ESTUDIO 2021<\/a><\/p>\n\n\n\n<p><a href=\"https:\/\/app.box.com\/s\/ihv44dzcapcrhrb2bp3l7uq4wl0nahs5\" target=\"_blank\" rel=\"noopener\">GU\u00cdA DE ESTUDIO 2022<\/a><\/p>\n\n\n\n<p><a href=\"https:\/\/app.box.com\/s\/ba8u2cb8442htnex4cegc9jkvnijeks7\" target=\"_blank\" rel=\"noopener noreferrer\">GU\u00cdA DE ESTUDIO 2023<\/a><\/p>\n\n\n\n<p><a href=\"https:\/\/app.box.com\/s\/4yopwfy5imn84rjxvfily3mx3w6lptvv\" target=\"_blank\" rel=\"noopener\">GU\u00cdA DE ESTUDIO 2024<\/a><\/p>\n\n\n\n<p><a href=\"https:\/\/app.box.com\/s\/3t6mvhcd58v9ic1g30nzls8nh8ez6z28\">GU\u00cdA DE ESTUDIO 2025<\/a><\/p>\n\n\n\n<p><\/p>\n","protected":false},"excerpt":{"rendered":"<p>INGRESO AL CETIS 146 La Gu\u00eda de Estudio para la Evaluaci\u00f3n Diagn\u00f3stica al Ingreso a la Educaci\u00f3n Media Superior, es una estrategia destinada a recuperar y reforzar los aprendizajes adquiridos durante la formaci\u00f3n del nivel b\u00e1sico, que constituyen el fundamento de los aprendizajes para el transito al siguiente nivel educativo. A todos los estudiantes aspirantes &#8230; <a title=\"Gu\u00eda de estudio aspirantes a Nuevo Ingreso\" class=\"read-more\" href=\"https:\/\/cetis146.edu.mx\/pagina\/guia-2\/\" aria-label=\"Leer m\u00e1s sobre Gu\u00eda de estudio aspirantes a Nuevo Ingreso\">Leer m\u00e1s<\/a><\/p>\n","protected":false},"author":1,"featured_media":13131,"parent":0,"menu_order":0,"comment_status":"closed","ping_status":"closed","template":"","meta":{"footnotes":""},"class_list":["post-12926","page","type-page","status-publish","has-post-thumbnail"],"_links":{"self":[{"href":"https:\/\/cetis146.edu.mx\/pagina\/wp-json\/wp\/v2\/pages\/12926","targetHints":{"allow":["GET"]}}],"collection":[{"href":"https:\/\/cetis146.edu.mx\/pagina\/wp-json\/wp\/v2\/pages"}],"about":[{"href":"https:\/\/cetis146.edu.mx\/pagina\/wp-json\/wp\/v2\/types\/page"}],"author":[{"embeddable":true,"href":"https:\/\/cetis146.edu.mx\/pagina\/wp-json\/wp\/v2\/users\/1"}],"replies":[{"embeddable":true,"href":"https:\/\/cetis146.edu.mx\/pagina\/wp-json\/wp\/v2\/comments?post=12926"}],"version-history":[{"count":21,"href":"https:\/\/cetis146.edu.mx\/pagina\/wp-json\/wp\/v2\/pages\/12926\/revisions"}],"predecessor-version":[{"id":13958,"href":"https:\/\/cetis146.edu.mx\/pagina\/wp-json\/wp\/v2\/pages\/12926\/revisions\/13958"}],"wp:featuredmedia":[{"embeddable":true,"href":"https:\/\/cetis146.edu.mx\/pagina\/wp-json\/wp\/v2\/media\/13131"}],"wp:attachment":[{"href":"https:\/\/cetis146.edu.mx\/pagina\/wp-json\/wp\/v2\/media?parent=12926"}],"curies":[{"name":"wp","href":"https:\/\/api.w.org\/{rel}","templated":true}]}}